{"id":826,"date":"2015-07-10T00:08:22","date_gmt":"2015-07-09T22:08:22","guid":{"rendered":"http:\/\/mechanikabt.hu\/en\/egyeb\/"},"modified":"2017-05-17T13:39:50","modified_gmt":"2017-05-17T11:39:50","slug":"egyeb","status":"publish","type":"page","link":"https:\/\/mechanikabt.hu\/en\/egyeb\/","title":{"rendered":"egy\u00e9b"},"content":{"rendered":"<section class=\"l-section wpb_row height_medium\"><div class=\"l-section-h i-cf\"><div class=\"g-cols vc_row type_default valign_top\"><div class=\"vc_col-sm-12 wpb_column vc_column_container\"><div class=\"vc_column-inner\"><div class=\"wpb_wrapper\"><div class=\"g-cols wpb_row type_default valign_top vc_inner \"><div class=\"vc_col-sm-12 wpb_column vc_column_container\"><div class=\"vc_column-inner\"><div class=\"wpb_wrapper\">\r\n\t<div class=\"wpb_text_column \">\r\n\t\t<div class=\"wpb_wrapper\">\r\n\t\t\t<h3>Lecs\u00e9v\u00e9l\u0151<\/h3>\n\r\n\t\t<\/div>\r\n\t<\/div>\r\n[vc_empty_space height=&#8221;32px&#8221;]<\/div><\/div><\/div><\/div><div class=\"g-cols wpb_row type_default valign_top vc_inner \"><div class=\"vc_col-sm-3 wpb_column vc_column_container\"><div class=\"vc_column-inner\"><div class=\"wpb_wrapper\"><div class=\"w-image\"><div class=\"w-image-h\"><a href=\"https:\/\/mechanikabt.hu\/wp-content\/uploads\/2015\/01\/lecsevelo1.jpg\" ref=\"magnificPopup\"><img loading=\"lazy\" decoding=\"async\" width=\"2592\" height=\"1944\" src=\"https:\/\/mechanikabt.hu\/wp-content\/uploads\/2015\/01\/lecsevelo1.jpg\" class=\"attachment-full size-full\" alt=\"\" srcset=\"https:\/\/mechanikabt.hu\/wp-content\/uploads\/2015\/01\/lecsevelo1.jpg 2592w, https:\/\/mechanikabt.hu\/wp-content\/uploads\/2015\/01\/lecsevelo1-300x225.jpg 300w, https:\/\/mechanikabt.hu\/wp-content\/uploads\/2015\/01\/lecsevelo1-1024x768.jpg 1024w, https:\/\/mechanikabt.hu\/wp-content\/uploads\/2015\/01\/lecsevelo1-600x450.jpg 600w, https:\/\/mechanikabt.hu\/wp-content\/uploads\/2015\/01\/lecsevelo1-150x113.jpg 150w, https:\/\/mechanikabt.hu\/wp-content\/uploads\/2015\/01\/lecsevelo1-267x200.jpg 267w\" sizes=\"auto, (max-width: 2592px) 100vw, 2592px\" \/><\/a><\/div><\/div><\/div><\/div><\/div><div class=\"vc_col-sm-3 wpb_column vc_column_container\"><div class=\"vc_column-inner\"><div class=\"wpb_wrapper\"><div class=\"w-image\"><div class=\"w-image-h\"><a href=\"https:\/\/mechanikabt.hu\/wp-content\/uploads\/2015\/01\/lecsevelo3.jpg\" ref=\"magnificPopup\"><img loading=\"lazy\" decoding=\"async\" width=\"1944\" height=\"2592\" src=\"https:\/\/mechanikabt.hu\/wp-content\/uploads\/2015\/01\/lecsevelo3.jpg\" class=\"attachment-full size-full\" alt=\"\" srcset=\"https:\/\/mechanikabt.hu\/wp-content\/uploads\/2015\/01\/lecsevelo3.jpg 1944w, https:\/\/mechanikabt.hu\/wp-content\/uploads\/2015\/01\/lecsevelo3-225x300.jpg 225w, https:\/\/mechanikabt.hu\/wp-content\/uploads\/2015\/01\/lecsevelo3-768x1024.jpg 768w, https:\/\/mechanikabt.hu\/wp-content\/uploads\/2015\/01\/lecsevelo3-450x600.jpg 450w, https:\/\/mechanikabt.hu\/wp-content\/uploads\/2015\/01\/lecsevelo3-600x800.jpg 600w, https:\/\/mechanikabt.hu\/wp-content\/uploads\/2015\/01\/lecsevelo3-150x200.jpg 150w, https:\/\/mechanikabt.hu\/wp-content\/uploads\/2015\/01\/lecsevelo3-300x400.jpg 300w\" sizes=\"auto, (max-width: 1944px) 100vw, 1944px\" \/><\/a><\/div><\/div><\/div><\/div><\/div><div class=\"vc_col-sm-3 wpb_column vc_column_container\"><div class=\"vc_column-inner\"><div class=\"wpb_wrapper\"><div class=\"w-image\"><div class=\"w-image-h\"><a href=\"https:\/\/mechanikabt.hu\/wp-content\/uploads\/2015\/01\/lecsevelo2.jpg\" ref=\"magnificPopup\"><img loading=\"lazy\" decoding=\"async\" width=\"2592\" height=\"1944\" src=\"https:\/\/mechanikabt.hu\/wp-content\/uploads\/2015\/01\/lecsevelo2.jpg\" class=\"attachment-full size-full\" alt=\"\" srcset=\"https:\/\/mechanikabt.hu\/wp-content\/uploads\/2015\/01\/lecsevelo2.jpg 2592w, https:\/\/mechanikabt.hu\/wp-content\/uploads\/2015\/01\/lecsevelo2-300x225.jpg 300w, https:\/\/mechanikabt.hu\/wp-content\/uploads\/2015\/01\/lecsevelo2-1024x768.jpg 1024w, https:\/\/mechanikabt.hu\/wp-content\/uploads\/2015\/01\/lecsevelo2-600x450.jpg 600w, https:\/\/mechanikabt.hu\/wp-content\/uploads\/2015\/01\/lecsevelo2-150x113.jpg 150w, https:\/\/mechanikabt.hu\/wp-content\/uploads\/2015\/01\/lecsevelo2-267x200.jpg 267w\" sizes=\"auto, (max-width: 2592px) 100vw, 2592px\" \/><\/a><\/div><\/div><\/div><\/div><\/div><div class=\"vc_col-sm-3 wpb_column vc_column_container\"><div class=\"vc_column-inner\"><div class=\"wpb_wrapper\"><\/div><\/div><\/div><\/div><div class=\"g-cols wpb_row type_default valign_top vc_inner \"><div class=\"vc_col-sm-12 wpb_column vc_column_container\"><div class=\"vc_column-inner\"><div class=\"wpb_wrapper\"><div class=\"w-separator type_default size_medium thick_1 style_solid color_border cont_none\"><span class=\"w-separator-h\"><\/span><\/div>\r\n\t<div class=\"wpb_text_column \">\r\n\t\t<div class=\"wpb_wrapper\">\r\n\t\t\t<h3>Rakatol\u00f3<\/h3>\n\r\n\t\t<\/div>\r\n\t<\/div>\r\n[vc_empty_space height=&#8221;32px&#8221;]<\/div><\/div><\/div><\/div><div class=\"g-cols wpb_row type_default valign_top vc_inner \"><div class=\"vc_col-sm-3 wpb_column vc_column_container\"><div class=\"vc_column-inner\"><div class=\"wpb_wrapper\"><div class=\"w-image\"><div class=\"w-image-h\"><a href=\"https:\/\/mechanikabt.hu\/wp-content\/uploads\/2015\/01\/rakatolo1.jpg\" ref=\"magnificPopup\"><img loading=\"lazy\" decoding=\"async\" width=\"2592\" height=\"1944\" src=\"https:\/\/mechanikabt.hu\/wp-content\/uploads\/2015\/01\/rakatolo1.jpg\" class=\"attachment-full size-full\" alt=\"\" srcset=\"https:\/\/mechanikabt.hu\/wp-content\/uploads\/2015\/01\/rakatolo1.jpg 2592w, https:\/\/mechanikabt.hu\/wp-content\/uploads\/2015\/01\/rakatolo1-300x225.jpg 300w, https:\/\/mechanikabt.hu\/wp-content\/uploads\/2015\/01\/rakatolo1-1024x768.jpg 1024w, https:\/\/mechanikabt.hu\/wp-content\/uploads\/2015\/01\/rakatolo1-600x450.jpg 600w, https:\/\/mechanikabt.hu\/wp-content\/uploads\/2015\/01\/rakatolo1-150x113.jpg 150w, https:\/\/mechanikabt.hu\/wp-content\/uploads\/2015\/01\/rakatolo1-267x200.jpg 267w\" sizes=\"auto, (max-width: 2592px) 100vw, 2592px\" \/><\/a><\/div><\/div><\/div><\/div><\/div><div class=\"vc_col-sm-3 wpb_column vc_column_container\"><div class=\"vc_column-inner\"><div class=\"wpb_wrapper\"><\/div><\/div><\/div><div class=\"vc_col-sm-3 wpb_column vc_column_container\"><div class=\"vc_column-inner\"><div class=\"wpb_wrapper\"><\/div><\/div><\/div><div class=\"vc_col-sm-3 wpb_column vc_column_container\"><div class=\"vc_column-inner\"><div class=\"wpb_wrapper\"><\/div><\/div><\/div><\/div><div class=\"g-cols wpb_row type_default valign_top vc_inner \"><div class=\"vc_col-sm-12 wpb_column vc_column_container\"><div class=\"vc_column-inner\"><div class=\"wpb_wrapper\"><div class=\"w-separator type_default size_medium thick_1 style_solid color_border cont_none\"><span class=\"w-separator-h\"><\/span><\/div>\r\n\t<div class=\"wpb_text_column \">\r\n\t\t<div class=\"wpb_wrapper\">\r\n\t\t\t<h3>Szelemengy\u00e1rt\u00f3 g\u00e9psor<\/h3>\n\r\n\t\t<\/div>\r\n\t<\/div>\r\n[vc_empty_space height=&#8221;32px&#8221;]<\/div><\/div><\/div><\/div><div class=\"g-cols wpb_row type_default valign_top vc_inner \"><div class=\"vc_col-sm-3 wpb_column vc_column_container\"><div class=\"vc_column-inner\"><div class=\"wpb_wrapper\"><div class=\"w-image\"><div class=\"w-image-h\"><a href=\"https:\/\/mechanikabt.hu\/wp-content\/uploads\/2015\/01\/szelemengyarto1.jpg\" ref=\"magnificPopup\"><img loading=\"lazy\" decoding=\"async\" width=\"3072\" height=\"2304\" src=\"https:\/\/mechanikabt.hu\/wp-content\/uploads\/2015\/01\/szelemengyarto1.jpg\" class=\"attachment-full size-full\" alt=\"\" srcset=\"https:\/\/mechanikabt.hu\/wp-content\/uploads\/2015\/01\/szelemengyarto1.jpg 3072w, https:\/\/mechanikabt.hu\/wp-content\/uploads\/2015\/01\/szelemengyarto1-300x225.jpg 300w, https:\/\/mechanikabt.hu\/wp-content\/uploads\/2015\/01\/szelemengyarto1-1024x768.jpg 1024w, https:\/\/mechanikabt.hu\/wp-content\/uploads\/2015\/01\/szelemengyarto1-600x450.jpg 600w, https:\/\/mechanikabt.hu\/wp-content\/uploads\/2015\/01\/szelemengyarto1-150x113.jpg 150w, https:\/\/mechanikabt.hu\/wp-content\/uploads\/2015\/01\/szelemengyarto1-267x200.jpg 267w\" sizes=\"auto, (max-width: 3072px) 100vw, 3072px\" \/><\/a><\/div><\/div><\/div><\/div><\/div><div class=\"vc_col-sm-3 wpb_column vc_column_container\"><div class=\"vc_column-inner\"><div class=\"wpb_wrapper\"><div class=\"w-image\"><div class=\"w-image-h\"><a href=\"https:\/\/mechanikabt.hu\/wp-content\/uploads\/2015\/01\/szelemengyarto2.jpg\" ref=\"magnificPopup\"><img loading=\"lazy\" decoding=\"async\" width=\"2304\" height=\"3072\" src=\"https:\/\/mechanikabt.hu\/wp-content\/uploads\/2015\/01\/szelemengyarto2.jpg\" class=\"attachment-full size-full\" alt=\"\" srcset=\"https:\/\/mechanikabt.hu\/wp-content\/uploads\/2015\/01\/szelemengyarto2.jpg 2304w, https:\/\/mechanikabt.hu\/wp-content\/uploads\/2015\/01\/szelemengyarto2-225x300.jpg 225w, https:\/\/mechanikabt.hu\/wp-content\/uploads\/2015\/01\/szelemengyarto2-768x1024.jpg 768w, https:\/\/mechanikabt.hu\/wp-content\/uploads\/2015\/01\/szelemengyarto2-450x600.jpg 450w, https:\/\/mechanikabt.hu\/wp-content\/uploads\/2015\/01\/szelemengyarto2-600x800.jpg 600w, https:\/\/mechanikabt.hu\/wp-content\/uploads\/2015\/01\/szelemengyarto2-150x200.jpg 150w, https:\/\/mechanikabt.hu\/wp-content\/uploads\/2015\/01\/szelemengyarto2-300x400.jpg 300w\" sizes=\"auto, (max-width: 2304px) 100vw, 2304px\" \/><\/a><\/div><\/div><\/div><\/div><\/div><div class=\"vc_col-sm-3 wpb_column vc_column_container\"><div class=\"vc_column-inner\"><div class=\"wpb_wrapper\"><\/div><\/div><\/div><div class=\"vc_col-sm-3 wpb_column vc_column_container\"><div class=\"vc_column-inner\"><div class=\"wpb_wrapper\"><\/div><\/div><\/div><\/div><div class=\"g-cols wpb_row type_default valign_top vc_inner \"><div class=\"vc_col-sm-12 wpb_column vc_column_container\"><div class=\"vc_column-inner\"><div class=\"wpb_wrapper\"><div class=\"w-separator type_default size_medium thick_1 style_solid color_border cont_none\"><span class=\"w-separator-h\"><\/span><\/div>\r\n\t<div class=\"wpb_text_column \">\r\n\t\t<div class=\"wpb_wrapper\">\r\n\t\t\t<h3>Trap\u00e9zlemezgy\u00e1rt\u00f3 g\u00e9psor<\/h3>\n\r\n\t\t<\/div>\r\n\t<\/div>\r\n[vc_empty_space height=&#8221;32px&#8221;]<\/div><\/div><\/div><\/div><div class=\"g-cols wpb_row type_default valign_top vc_inner \"><div class=\"vc_col-sm-3 wpb_column vc_column_container\"><div class=\"vc_column-inner\"><div class=\"wpb_wrapper\"><div class=\"w-image\"><div class=\"w-image-h\"><a href=\"https:\/\/mechanikabt.hu\/wp-content\/uploads\/2015\/01\/trapezlemezgyarto4.jpg\" ref=\"magnificPopup\"><img loading=\"lazy\" decoding=\"async\" width=\"2592\" height=\"1944\" src=\"https:\/\/mechanikabt.hu\/wp-content\/uploads\/2015\/01\/trapezlemezgyarto4.jpg\" class=\"attachment-full size-full\" alt=\"\" srcset=\"https:\/\/mechanikabt.hu\/wp-content\/uploads\/2015\/01\/trapezlemezgyarto4.jpg 2592w, https:\/\/mechanikabt.hu\/wp-content\/uploads\/2015\/01\/trapezlemezgyarto4-300x225.jpg 300w, https:\/\/mechanikabt.hu\/wp-content\/uploads\/2015\/01\/trapezlemezgyarto4-1024x768.jpg 1024w, https:\/\/mechanikabt.hu\/wp-content\/uploads\/2015\/01\/trapezlemezgyarto4-600x450.jpg 600w, https:\/\/mechanikabt.hu\/wp-content\/uploads\/2015\/01\/trapezlemezgyarto4-150x113.jpg 150w, https:\/\/mechanikabt.hu\/wp-content\/uploads\/2015\/01\/trapezlemezgyarto4-267x200.jpg 267w\" sizes=\"auto, (max-width: 2592px) 100vw, 2592px\" \/><\/a><\/div><\/div><\/div><\/div><\/div><div class=\"vc_col-sm-3 wpb_column vc_column_container\"><div class=\"vc_column-inner\"><div class=\"wpb_wrapper\"><div class=\"w-image\"><div class=\"w-image-h\"><a href=\"https:\/\/mechanikabt.hu\/wp-content\/uploads\/2015\/01\/trapezlemezgyarto2.jpg\" ref=\"magnificPopup\"><img loading=\"lazy\" decoding=\"async\" width=\"2592\" height=\"1944\" src=\"https:\/\/mechanikabt.hu\/wp-content\/uploads\/2015\/01\/trapezlemezgyarto2.jpg\" class=\"attachment-full size-full\" alt=\"\" srcset=\"https:\/\/mechanikabt.hu\/wp-content\/uploads\/2015\/01\/trapezlemezgyarto2.jpg 2592w, https:\/\/mechanikabt.hu\/wp-content\/uploads\/2015\/01\/trapezlemezgyarto2-300x225.jpg 300w, https:\/\/mechanikabt.hu\/wp-content\/uploads\/2015\/01\/trapezlemezgyarto2-1024x768.jpg 1024w, https:\/\/mechanikabt.hu\/wp-content\/uploads\/2015\/01\/trapezlemezgyarto2-600x450.jpg 600w, https:\/\/mechanikabt.hu\/wp-content\/uploads\/2015\/01\/trapezlemezgyarto2-150x113.jpg 150w, https:\/\/mechanikabt.hu\/wp-content\/uploads\/2015\/01\/trapezlemezgyarto2-267x200.jpg 267w\" sizes=\"auto, (max-width: 2592px) 100vw, 2592px\" \/><\/a><\/div><\/div><\/div><\/div><\/div><div class=\"vc_col-sm-3 wpb_column vc_column_container\"><div class=\"vc_column-inner\"><div class=\"wpb_wrapper\"><div class=\"w-image\"><div class=\"w-image-h\"><a href=\"https:\/\/mechanikabt.hu\/wp-content\/uploads\/2015\/01\/trapezlemezgyarto3.jpg\" ref=\"magnificPopup\"><img loading=\"lazy\" decoding=\"async\" width=\"1944\" height=\"2592\" src=\"https:\/\/mechanikabt.hu\/wp-content\/uploads\/2015\/01\/trapezlemezgyarto3.jpg\" class=\"attachment-full size-full\" alt=\"\" srcset=\"https:\/\/mechanikabt.hu\/wp-content\/uploads\/2015\/01\/trapezlemezgyarto3.jpg 1944w, https:\/\/mechanikabt.hu\/wp-content\/uploads\/2015\/01\/trapezlemezgyarto3-225x300.jpg 225w, https:\/\/mechanikabt.hu\/wp-content\/uploads\/2015\/01\/trapezlemezgyarto3-768x1024.jpg 768w, https:\/\/mechanikabt.hu\/wp-content\/uploads\/2015\/01\/trapezlemezgyarto3-450x600.jpg 450w, https:\/\/mechanikabt.hu\/wp-content\/uploads\/2015\/01\/trapezlemezgyarto3-600x800.jpg 600w, https:\/\/mechanikabt.hu\/wp-content\/uploads\/2015\/01\/trapezlemezgyarto3-150x200.jpg 150w, https:\/\/mechanikabt.hu\/wp-content\/uploads\/2015\/01\/trapezlemezgyarto3-300x400.jpg 300w\" sizes=\"auto, (max-width: 1944px) 100vw, 1944px\" \/><\/a><\/div><\/div><\/div><\/div><\/div><div class=\"vc_col-sm-3 wpb_column vc_column_container\"><div class=\"vc_column-inner\"><div class=\"wpb_wrapper\"><div class=\"w-image\"><div class=\"w-image-h\"><a href=\"https:\/\/mechanikabt.hu\/wp-content\/uploads\/2015\/01\/trapezlemezgyarto4.jpg\" ref=\"magnificPopup\"><img loading=\"lazy\" decoding=\"async\" width=\"2592\" height=\"1944\" src=\"https:\/\/mechanikabt.hu\/wp-content\/uploads\/2015\/01\/trapezlemezgyarto4.jpg\" class=\"attachment-full size-full\" alt=\"\" srcset=\"https:\/\/mechanikabt.hu\/wp-content\/uploads\/2015\/01\/trapezlemezgyarto4.jpg 2592w, https:\/\/mechanikabt.hu\/wp-content\/uploads\/2015\/01\/trapezlemezgyarto4-300x225.jpg 300w, https:\/\/mechanikabt.hu\/wp-content\/uploads\/2015\/01\/trapezlemezgyarto4-1024x768.jpg 1024w, https:\/\/mechanikabt.hu\/wp-content\/uploads\/2015\/01\/trapezlemezgyarto4-600x450.jpg 600w, https:\/\/mechanikabt.hu\/wp-content\/uploads\/2015\/01\/trapezlemezgyarto4-150x113.jpg 150w, https:\/\/mechanikabt.hu\/wp-content\/uploads\/2015\/01\/trapezlemezgyarto4-267x200.jpg 267w\" sizes=\"auto, (max-width: 2592px) 100vw, 2592px\" \/><\/a><\/div><\/div><\/div><\/div><\/div><\/div><div class=\"g-cols wpb_row type_default valign_top vc_inner \"><div class=\"vc_col-sm-12 wpb_column vc_column_container\"><div class=\"vc_column-inner\"><div class=\"wpb_wrapper\"><\/div><\/div><\/div><\/div><\/div><\/div><\/div><\/div><\/div><\/section>\n","protected":false},"excerpt":{"rendered":"Lecs\u00e9v\u00e9l\u0151 [vc_empty_space height=\"32px\"] Rakatol\u00f3 [vc_empty_space height=\"32px\"] Szelemengy\u00e1rt\u00f3 g\u00e9psor [vc_empty_space height=\"32px\"] Trap\u00e9zlemezgy\u00e1rt\u00f3 g\u00e9psor [vc_empty_space height=\"32px\"]","protected":false},"author":1,"featured_media":0,"parent":0,"menu_order":0,"comment_status":"closed","ping_status":"closed","template":"","meta":{"footnotes":""},"class_list":["post-826","page","type-page","status-publish","hentry"],"_links":{"self":[{"href":"https:\/\/mechanikabt.hu\/en\/wp-json\/wp\/v2\/pages\/826","targetHints":{"allow":["GET"]}}],"collection":[{"href":"https:\/\/mechanikabt.hu\/en\/wp-json\/wp\/v2\/pages"}],"about":[{"href":"https:\/\/mechanikabt.hu\/en\/wp-json\/wp\/v2\/types\/page"}],"author":[{"embeddable":true,"href":"https:\/\/mechanikabt.hu\/en\/wp-json\/wp\/v2\/users\/1"}],"replies":[{"embeddable":true,"href":"https:\/\/mechanikabt.hu\/en\/wp-json\/wp\/v2\/comments?post=826"}],"version-history":[{"count":6,"href":"https:\/\/mechanikabt.hu\/en\/wp-json\/wp\/v2\/pages\/826\/revisions"}],"predecessor-version":[{"id":1165,"href":"https:\/\/mechanikabt.hu\/en\/wp-json\/wp\/v2\/pages\/826\/revisions\/1165"}],"wp:attachment":[{"href":"https:\/\/mechanikabt.hu\/en\/wp-json\/wp\/v2\/media?parent=826"}],"curies":[{"name":"wp","href":"https:\/\/api.w.org\/{rel}","templated":true}]}}