{"id":459,"date":"2014-10-12T08:24:25","date_gmt":"2014-10-12T08:24:25","guid":{"rendered":"http:\/\/mechanikabt.hu\/kapcsolat-2\/"},"modified":"2019-04-01T09:30:33","modified_gmt":"2019-04-01T07:30:33","slug":"kapcsolat","status":"publish","type":"page","link":"https:\/\/mechanikabt.hu\/en\/kapcsolat\/","title":{"rendered":"contact"},"content":{"rendered":"<section class=\"l-section wpb_row height_medium\"><div class=\"l-section-h i-cf\"><div class=\"g-cols vc_row type_default valign_top\"><div class=\"vc_col-sm-12 wpb_column vc_column_container\"><div class=\"vc_column-inner\"><div class=\"wpb_wrapper\"><div class=\"g-cols wpb_row type_default valign_top vc_inner \"><div class=\"vc_col-sm-12 wpb_column vc_column_container\"><div class=\"vc_column-inner\"><div class=\"wpb_wrapper\"><div class=\"w-map\" id=\"us_map_1\" style=\"height: 400px\"><div class=\"w-map-h\"><\/div><div class=\"w-map-json\" onclick='return {&quot;latitude&quot;:&quot;46.407809&quot;,&quot;longitude&quot;:&quot;20.359290&quot;,&quot;markers&quot;:[{&quot;latitude&quot;:&quot;46.407809&quot;,&quot;longitude&quot;:&quot;20.359290&quot;,&quot;html&quot;:&quot;Mechanika Bt.&quot;,&quot;infowindow&quot;:&quot;1&quot;}],&quot;zoom&quot;:14,&quot;maptype&quot;:&quot;ROADMAP&quot;,&quot;height&quot;:&quot;400&quot;}'><\/div><\/div><\/div><\/div><\/div><\/div><div class=\"g-cols wpb_row type_default valign_top vc_inner \"><div class=\"vc_col-sm-12 wpb_column vc_column_container\"><div class=\"vc_column-inner\"><div class=\"wpb_wrapper\">[vc_empty_space 0=&#8221;&#8221;]\r\n\t<div class=\"wpb_text_column \">\r\n\t\t<div class=\"wpb_wrapper\">\r\n\t\t\t<h3>Address<\/h3>\n\r\n\t\t<\/div>\r\n\t<\/div>\r\n<div class=\"w-contacts\"><div class=\"w-contacts-list\"><div class=\"w-contacts-item for_address\"><span class=\"w-contacts-item-value\">6800 H\u00f3dmez\u0151v\u00e1s\u00e1rhely, Mak\u00f3i orsz\u00e1g\u00fat 38.<\/span><\/div><div class=\"w-contacts-item for_email\"><span class=\"w-contacts-item-value\"><a href=\"mailto:info@mechanikabt.hu\">info@mechanikabt.hu<\/a><\/span><\/div><\/div><\/div>[vc_empty_space 0=&#8221;&#8221;]\r\n\t<div class=\"wpb_text_column \">\r\n\t\t<div class=\"wpb_wrapper\">\r\n\t\t\t<h3>Postal Address<\/h3>\n\r\n\t\t<\/div>\r\n\t<\/div>\r\n<div class=\"w-contacts\"><div class=\"w-contacts-list\"><div class=\"w-contacts-item for_address\"><span class=\"w-contacts-item-value\">6800 H\u00f3dmez\u0151v\u00e1s\u00e1rhely, Tisza Istv\u00e1n utca 32. fsz. 8\/a<\/span><\/div><div class=\"w-contacts-item for_email\"><span class=\"w-contacts-item-value\"><a href=\"mailto:info@mechanikabt.hu\">info@mechanikabt.hu<\/a><\/span><\/div><\/div><\/div>[vc_empty_space 0=&#8221;&#8221;]\r\n\t<div class=\"wpb_text_column \">\r\n\t\t<div class=\"wpb_wrapper\">\r\n\t\t\t<h3>B\u00e1lint Karasz manager (special purpose machines)<\/h3>\n\r\n\t\t<\/div>\r\n\t<\/div>\r\n<div class=\"w-contacts\"><div class=\"w-contacts-list\"><div class=\"w-contacts-item for_phone\"><span class=\"w-contacts-item-value\">+36-30-92-52-266<\/span><\/div><div class=\"w-contacts-item for_email\"><span class=\"w-contacts-item-value\"><a href=\"mailto:info@mechanikabt.hu\">info@mechanikabt.hu<\/a><\/span><\/div><\/div><\/div>[vc_empty_space 0=&#8221;&#8221;]\r\n\t<div class=\"wpb_text_column \">\r\n\t\t<div class=\"wpb_wrapper\">\r\n\t\t\t<h3>G\u00e1bor\u00a0Karasz (building and construction)<\/h3>\n\r\n\t\t<\/div>\r\n\t<\/div>\r\n<div class=\"w-contacts\"><div class=\"w-contacts-list\"><div class=\"w-contacts-item for_phone\"><span class=\"w-contacts-item-value\">+36-20-937-99-77<\/span><\/div><div class=\"w-contacts-item for_email\"><span class=\"w-contacts-item-value\"><a href=\"mailto:info@mechanikabt.hu\">info@mechanikabt.hu<\/a><\/span><\/div><\/div><\/div>[vc_empty_space 0=&#8221;&#8221;]\r\n\t<div class=\"wpb_text_column \">\r\n\t\t<div class=\"wpb_wrapper\">\r\n\t\t\t<h3>\u00c1d\u00e1m\u00a0Karasz (trade)<\/h3>\n\r\n\t\t<\/div>\r\n\t<\/div>\r\n<div class=\"w-contacts\"><div class=\"w-contacts-list\"><div class=\"w-contacts-item for_phone\"><span class=\"w-contacts-item-value\">+36-30-665-0209, +36-30-161-5488<\/span><\/div><div class=\"w-contacts-item for_email\"><span class=\"w-contacts-item-value\"><a href=\"mailto:kereskedelem@mechanikabt.hu\">kereskedelem@mechanikabt.hu<\/a><\/span><\/div><\/div><\/div><\/div><\/div><\/div><\/div><\/div><\/div><\/div><\/div><\/div><\/section>\n","protected":false},"excerpt":{"rendered":"[vc_empty_space 0=\"\"] Address 6800 H\u00f3dmez\u0151v\u00e1s\u00e1rhely, Mak\u00f3i orsz\u00e1g\u00fat 38.info@mechanikabt.hu[vc_empty_space 0=\"\"] Postal Address 6800 H\u00f3dmez\u0151v\u00e1s\u00e1rhely, Tisza Istv\u00e1n utca 32. fsz. 8\/ainfo@mechanikabt.hu[vc_empty_space 0=\"\"] B\u00e1lint Karasz manager (special purpose machines) +36-30-92-52-266info@mechanikabt.hu[vc_empty_space 0=\"\"] G\u00e1bor\u00a0Karasz (building and construction) +36-20-937-99-77info@mechanikabt.hu[vc_empty_space 0=\"\"] \u00c1d\u00e1m\u00a0Karasz (trade) +36-30-665-0209, +36-30-161-5488kereskedelem@mechanikabt.hu","protected":false},"author":1,"featured_media":0,"parent":0,"menu_order":0,"comment_status":"closed","ping_status":"closed","template":"","meta":{"footnotes":""},"class_list":["post-459","page","type-page","status-publish","hentry"],"_links":{"self":[{"href":"https:\/\/mechanikabt.hu\/en\/wp-json\/wp\/v2\/pages\/459","targetHints":{"allow":["GET"]}}],"collection":[{"href":"https:\/\/mechanikabt.hu\/en\/wp-json\/wp\/v2\/pages"}],"about":[{"href":"https:\/\/mechanikabt.hu\/en\/wp-json\/wp\/v2\/types\/page"}],"author":[{"embeddable":true,"href":"https:\/\/mechanikabt.hu\/en\/wp-json\/wp\/v2\/users\/1"}],"replies":[{"embeddable":true,"href":"https:\/\/mechanikabt.hu\/en\/wp-json\/wp\/v2\/comments?post=459"}],"version-history":[{"count":12,"href":"https:\/\/mechanikabt.hu\/en\/wp-json\/wp\/v2\/pages\/459\/revisions"}],"predecessor-version":[{"id":1396,"href":"https:\/\/mechanikabt.hu\/en\/wp-json\/wp\/v2\/pages\/459\/revisions\/1396"}],"wp:attachment":[{"href":"https:\/\/mechanikabt.hu\/en\/wp-json\/wp\/v2\/media?parent=459"}],"curies":[{"name":"wp","href":"https:\/\/api.w.org\/{rel}","templated":true}]}}