{"id":457,"date":"2015-01-07T17:39:03","date_gmt":"2015-01-07T16:39:03","guid":{"rendered":"http:\/\/mechanikabt.hu\/rolunk-2\/"},"modified":"2016-05-14T18:41:32","modified_gmt":"2016-05-14T16:41:32","slug":"rolunk","status":"publish","type":"page","link":"https:\/\/mechanikabt.hu\/en\/rolunk\/","title":{"rendered":"about"},"content":{"rendered":"<section class=\"l-section wpb_row height_medium\"><div class=\"l-section-h i-cf\"><div class=\"g-cols vc_row type_default valign_top\"><div class=\"vc_col-sm-12 wpb_column vc_column_container\"><div class=\"vc_column-inner\"><div class=\"wpb_wrapper\">\r\n\t<div class=\"wpb_text_column \">\r\n\t\t<div class=\"wpb_wrapper\">\r\n\t\t\t<p>Our company was formed in 1990 and it has been dynamically developing since then. In 2006\u00a0the company moved to the industrial park in H\u00f3dmez\u0151v\u00e1s\u00e1rhely.<\/p>\n\r\n\t\t<\/div>\r\n\t<\/div>\r\n<\/div><\/div><\/div><\/div><\/div><\/section>\n","protected":false},"excerpt":{"rendered":"Our company was formed in 1990 and it has been dynamically developing since then. In 2006\u00a0the company moved to the industrial park in H\u00f3dmez\u0151v\u00e1s\u00e1rhely.","protected":false},"author":1,"featured_media":0,"parent":0,"menu_order":0,"comment_status":"closed","ping_status":"closed","template":"","meta":{"footnotes":""},"class_list":["post-457","page","type-page","status-publish","hentry"],"_links":{"self":[{"href":"https:\/\/mechanikabt.hu\/en\/wp-json\/wp\/v2\/pages\/457","targetHints":{"allow":["GET"]}}],"collection":[{"href":"https:\/\/mechanikabt.hu\/en\/wp-json\/wp\/v2\/pages"}],"about":[{"href":"https:\/\/mechanikabt.hu\/en\/wp-json\/wp\/v2\/types\/page"}],"author":[{"embeddable":true,"href":"https:\/\/mechanikabt.hu\/en\/wp-json\/wp\/v2\/users\/1"}],"replies":[{"embeddable":true,"href":"https:\/\/mechanikabt.hu\/en\/wp-json\/wp\/v2\/comments?post=457"}],"version-history":[{"count":8,"href":"https:\/\/mechanikabt.hu\/en\/wp-json\/wp\/v2\/pages\/457\/revisions"}],"predecessor-version":[{"id":895,"href":"https:\/\/mechanikabt.hu\/en\/wp-json\/wp\/v2\/pages\/457\/revisions\/895"}],"wp:attachment":[{"href":"https:\/\/mechanikabt.hu\/en\/wp-json\/wp\/v2\/media?parent=457"}],"curies":[{"name":"wp","href":"https:\/\/api.w.org\/{rel}","templated":true}]}}